{"id":7019,"date":"2026-02-16T12:25:04","date_gmt":"2026-02-16T11:25:04","guid":{"rendered":"https:\/\/klingendesschloss.at\/?page_id=7019"},"modified":"2026-02-17T09:58:22","modified_gmt":"2026-02-17T08:58:22","slug":"home26","status":"publish","type":"page","link":"https:\/\/klingendesschloss.at\/en\/","title":{"rendered":"home26"},"content":{"rendered":"<div class=\"wpb-content-wrapper\"><div  class=\"vc_row vc-row-wrapper full_width_content dfd-background-dark\" data-parallax_sense=\"30\"><div class=\"wpb_row row\" >\n\t<div class=\"twelve columns vc-column-extra-class-69e43f32ecc6b\" data-parallax_sense=\"30\">\n\t\t<div class=\"wpb_wrapper\">\n\t\t\t\n\t\t\t<!-- START Slider 1 REVOLUTION SLIDER 6.7.28 --><p class=\"rs-p-wp-fix\"><\/p>\n\t\t\t<rs-module-wrap id=\"rev_slider_19_1_wrapper\" data-source=\"gallery\" style=\"visibility:hidden;background:transparent;padding:0;margin:0px auto;margin-top:0;margin-bottom:0;\">\n\t\t\t\t<rs-module id=\"rev_slider_19_1\" style=\"\" data-version=\"6.7.28\">\n\t\t\t\t\t<rs-slides style=\"overflow: hidden; position: absolute;\">\n\t\t\t\t\t\t<rs-slide style=\"position: absolute;\" data-key=\"rs-20\" data-title=\"Slide\" data-anim=\"ms:10;\" data-in=\"o:1;\" data-out=\"a:false;\" data-sloop=\"s:0;e:10600;\">\n\t\t\t\t\t\t\t<img decoding=\"async\" src=\"\/\/klingendesschloss.at\/wp-content\/plugins\/revslider\/sr6\/assets\/assets\/dummy.png\" alt=\"\" title=\"hg\" width=\"1920\" height=\"1080\" class=\"rev-slidebg tp-rs-img rs-lazyload\" data-lazyload=\"\/\/klingendesschloss.at\/wp-content\/uploads\/2026\/02\/hg.jpg\" data-no-retina>\n<!--\n\t\t\t\t\t\t\t--><rs-layer\n\t\t\t\t\t\t\t\tid=\"slider-19-slide-20-layer-2\" \n\t\t\t\t\t\t\t\tdata-type=\"image\"\n\t\t\t\t\t\t\t\tdata-rsp_ch=\"on\"\n\t\t\t\t\t\t\t\tdata-xy=\"x:c;y:c;\"\n\t\t\t\t\t\t\t\tdata-text=\"w:normal;\"\n\t\t\t\t\t\t\t\tdata-dim=\"w:991px;h:205px;\"\n\t\t\t\t\t\t\t\tdata-frame_1=\"sp:600;\"\n\t\t\t\t\t\t\t\tdata-frame_999=\"o:0;st:2100;sR:1500;\"\n\t\t\t\t\t\t\t\tstyle=\"z-index:6;\"\n\t\t\t\t\t\t\t><img decoding=\"async\" src=\"\/\/klingendesschloss.at\/wp-content\/plugins\/revslider\/sr6\/assets\/assets\/dummy.png\" alt=\"\" class=\"tp-rs-img rs-lazyload\" width=\"991\" height=\"205\" data-lazyload=\"\/\/klingendesschloss.at\/wp-content\/uploads\/2026\/02\/klingendesschloss.png\" data-no-retina> \n\t\t\t\t\t\t\t<\/rs-layer><!--\n\n\t\t\t\t\t\t\t--><rs-layer\n\t\t\t\t\t\t\t\tid=\"slider-19-slide-20-layer-3\" \n\t\t\t\t\t\t\t\tdata-type=\"text\"\n\t\t\t\t\t\t\t\tdata-color=\"#ffffff\"\n\t\t\t\t\t\t\t\tdata-rsp_ch=\"on\"\n\t\t\t\t\t\t\t\tdata-xy=\"x:c;y:c;\"\n\t\t\t\t\t\t\t\tdata-text=\"w:normal;s:60;l:60;\"\n\t\t\t\t\t\t\t\tdata-frame_1=\"st:2400;sR:2400;\"\n\t\t\t\t\t\t\t\tdata-frame_999=\"o:0;st:3990;sR:1290;\"\n\t\t\t\t\t\t\t\tstyle=\"z-index:7;font-family:'Rosario';\"\n\t\t\t\t\t\t\t>pr\u00e4sentiert \n\t\t\t\t\t\t\t<\/rs-layer><!--\n\n\t\t\t\t\t\t\t--><rs-layer\n\t\t\t\t\t\t\t\tid=\"slider-19-slide-20-layer-4\" \n\t\t\t\t\t\t\t\tdata-type=\"image\"\n\t\t\t\t\t\t\t\tdata-rsp_ch=\"on\"\n\t\t\t\t\t\t\t\tdata-xy=\"x:c;y:c;\"\n\t\t\t\t\t\t\t\tdata-text=\"w:normal;\"\n\t\t\t\t\t\t\t\tdata-dim=\"w:1920px;h:1080px;\"\n\t\t\t\t\t\t\t\tdata-frame_1=\"st:4290;sR:4290;\"\n\t\t\t\t\t\t\t\tdata-frame_999=\"o:0;e:power1.out;st:9400;sp:600;sR:4810;\"\n\t\t\t\t\t\t\t\tstyle=\"z-index:8;\"\n\t\t\t\t\t\t\t><img decoding=\"async\" src=\"\/\/klingendesschloss.at\/wp-content\/plugins\/revslider\/sr6\/assets\/assets\/dummy.png\" alt=\"\" class=\"tp-rs-img rs-lazyload\" width=\"1920\" height=\"1080\" data-lazyload=\"\/\/klingendesschloss.at\/wp-content\/uploads\/2026\/02\/cirque.png\" data-no-retina> \n\t\t\t\t\t\t\t<\/rs-layer><!--\n\n\t\t\t\t\t\t\t--><rs-layer\n\t\t\t\t\t\t\t\tid=\"slider-19-slide-20-layer-5\" \n\t\t\t\t\t\t\t\tdata-type=\"image\"\n\t\t\t\t\t\t\t\tdata-rsp_ch=\"on\"\n\t\t\t\t\t\t\t\tdata-xy=\"x:c;y:c;\"\n\t\t\t\t\t\t\t\tdata-text=\"w:normal;\"\n\t\t\t\t\t\t\t\tdata-dim=\"w:1920px;h:1080px;\"\n\t\t\t\t\t\t\t\tdata-frame_1=\"st:5580;sR:5580;\"\n\t\t\t\t\t\t\t\tdata-frame_999=\"o:0;e:power1.out;st:9400;sp:600;sR:3520;\"\n\t\t\t\t\t\t\t\tstyle=\"z-index:9;\"\n\t\t\t\t\t\t\t><img decoding=\"async\" src=\"\/\/klingendesschloss.at\/wp-content\/plugins\/revslider\/sr6\/assets\/assets\/dummy.png\" alt=\"\" class=\"tp-rs-img rs-lazyload\" width=\"1920\" height=\"1080\" data-lazyload=\"\/\/klingendesschloss.at\/wp-content\/uploads\/2026\/02\/musikfe.png\" data-no-retina> \n\t\t\t\t\t\t\t<\/rs-layer><!--\n\n\t\t\t\t\t\t\t--><rs-layer\n\t\t\t\t\t\t\t\tid=\"slider-19-slide-20-layer-6\" \n\t\t\t\t\t\t\t\tdata-type=\"image\"\n\t\t\t\t\t\t\t\tdata-rsp_ch=\"on\"\n\t\t\t\t\t\t\t\tdata-xy=\"x:c;y:c;\"\n\t\t\t\t\t\t\t\tdata-text=\"w:normal;\"\n\t\t\t\t\t\t\t\tdata-dim=\"w:1920px;h:1080px;\"\n\t\t\t\t\t\t\t\tdata-frame_1=\"st:6760;sR:6760;\"\n\t\t\t\t\t\t\t\tdata-frame_999=\"o:0;e:power1.out;st:9400;sp:600;sR:2340;\"\n\t\t\t\t\t\t\t\tstyle=\"z-index:10;\"\n\t\t\t\t\t\t\t><img decoding=\"async\" src=\"\/\/klingendesschloss.at\/wp-content\/plugins\/revslider\/sr6\/assets\/assets\/dummy.png\" alt=\"\" class=\"tp-rs-img rs-lazyload\" width=\"1920\" height=\"1080\" data-lazyload=\"\/\/klingendesschloss.at\/wp-content\/uploads\/2026\/02\/datum.png\" data-no-retina> \n\t\t\t\t\t\t\t<\/rs-layer><!--\n-->\t\t\t\t\t<\/rs-slide>\n\t\t\t\t\t<\/rs-slides>\n\t\t\t\t<\/rs-module>\n\t\t\t\t<script>\n\t\t\t\t\tsetREVStartSize({c: 'rev_slider_19_1',rl:[1240,1024,768,480],el:[1080],gw:[1920],gh:[1080],type:'standard',justify:'',layout:'fullwidth',mh:\"0\"});if (window.RS_MODULES!==undefined && window.RS_MODULES.modules!==undefined && window.RS_MODULES.modules[\"revslider191\"]!==undefined) {window.RS_MODULES.modules[\"revslider191\"].once = false;window.revapi19 = undefined;if (window.RS_MODULES.checkMinimal!==undefined) window.RS_MODULES.checkMinimal()}\n\t\t\t\t<\/script>\n\t\t\t<\/rs-module-wrap>\n\t\t\t<!-- END REVOLUTION SLIDER -->\n\n\t\t<\/div> \n\t<\/div> <\/div><div class=\"dfd-row-bg-wrap dfd-row-bg-anim-colors\" id=\"DfdAnimatedBG69e43f34068cf\"><\/div><script type=\"text\/javascript\">\r\n\t\t\t\t\t(function($) {\r\n\t\t\t\t\t\t$(\"head\").append(\"<style>#DfdAnimatedBG69e43f34068cf{background: #000000;-webkit-animation: DfdAnimatedBG69e43f34068cf 3s linear infinite;-moz-animation: DfdAnimatedBG69e43f34068cf 3s linear infinite;-ms-animation: DfdAnimatedBG69e43f34068cf 3s linear infinite;-o-animation: DfdAnimatedBG69e43f34068cf 3s linear infinite;animation: DfdAnimatedBG69e43f34068cf 3s linear infinite;}@-webkit-keyframes DfdAnimatedBG69e43f34068cf {0% { background: #000000}}@-moz-keyframes DfdAnimatedBG69e43f34068cf {0% { background: #000000}}@-ms-keyframes DfdAnimatedBG69e43f34068cf {0% { background: #000000}}@-o-keyframes DfdAnimatedBG69e43f34068cf {0% { background: #000000}}@keyframes DfdAnimatedBG69e43f34068cf {0% { background: #000000}}<\/style>\");\r\n\t\t\t\t\t})(jQuery);\r\n\t\t\t\t<\/script><div class=\"dfd-row-bg-overlay\" style=\"opacity: 0.8;\"><\/div><script type=\"text\/javascript\">(function($) {$(\"head\").append(\"<style>#DfdAnimatedBG69e43f34068cf{background: #000000;-webkit-animation: DfdAnimatedBG69e43f34068cf 3s linear infinite;-moz-animation: DfdAnimatedBG69e43f34068cf 3s linear infinite;-ms-animation: DfdAnimatedBG69e43f34068cf 3s linear infinite;-o-animation: DfdAnimatedBG69e43f34068cf 3s linear infinite;animation: DfdAnimatedBG69e43f34068cf 3s linear infinite;}@-webkit-keyframes DfdAnimatedBG69e43f34068cf {0% { background: #000000}}@-moz-keyframes DfdAnimatedBG69e43f34068cf {0% { background: #000000}}@-ms-keyframes DfdAnimatedBG69e43f34068cf {0% { background: #000000}}@-o-keyframes DfdAnimatedBG69e43f34068cf {0% { background: #000000}}@keyframes DfdAnimatedBG69e43f34068cf {0% { background: #000000}}<\/style>\");})(jQuery);<\/script><\/div><div  class=\"vc_row vc-row-wrapper vc-row-responsive-69e43f3406e2c vc_custom_1742283210345\" data-parallax_sense=\"30\"><div class=\"wpb_row row\" >\n\t<div class=\"four columns vc-column-extra-class-69e43f3407220\" data-parallax_sense=\"30\">\n\t\t<div class=\"wpb_wrapper\">\n\t\t\t<div id=\"dfd-rotate-box-69e43f3407482-2415\" class=\"dfd-rotate-box-wrap  to-left\" ><div class=\"dfd-rotate-box-list\"><div class=\"dfd-item-offset rotate-box\"><div class=\"dfd-rotate-box-item to-left\"><div class=\"thumb-wrap\"><div class=\"thumb-wrap-front dfd-background-main\"><div class=\"content-wrap\"><div class=\"content-block dfd-rotate-content-v_center dfd-rotate-content-h_center\"><h2 class=\"title-first\">Das Programm<\/h2><\/div><\/div><\/div><div class=\"thumb-wrap-back dfd-background-main\"><div class=\"content-wrap\"><div class=\"description-reverse\">Lesen Sie mehr...<\/div><\/div><\/div><\/div><a href=\"https:\/\/klingendesschloss.at\/en\/cirqudeau\/\" class=\"full-box-link\" title=\"programm\"  rel=\"\"><\/a><\/div><\/div><\/div><script type=\"text\/javascript\">(function($) {$(\"head\").append(\"<style>#dfd-rotate-box-69e43f3407482-2415 .dfd-rotate-box-item .thumb-wrap .content-wrap .title-first {color: #000000 !important; }#dfd-rotate-box-69e43f3407482-2415 .dfd-rotate-box-item .thumb-wrap .content-wrap .subtitle-first {color: #000000 !important; }#dfd-rotate-box-69e43f3407482-2415 .dfd-rotate-box-item .thumb-wrap .content-wrap .description-reverse {color: #000000 !important; }#dfd-rotate-box-69e43f3407482-2415 .dfd-rotate-box-item .thumb-wrap .thumb-wrap-front, #dfd-rotate-box-69e43f3407482-2415 .dfd-rotate-box-item .thumb-wrap .thumb-wrap-back {min-height: 120px !important; }#dfd-rotate-box-69e43f3407482-2415 .rotate-box .dfd-rotate-box-item .thumb-wrap .thumb-wrap-front .content-wrap .content-block {padding-top: 20px; padding-bottom: 20px;}#dfd-rotate-box-69e43f3407482-2415 .rotate-box .dfd-rotate-box-item .thumb-wrap .thumb-wrap-front .content-wrap .content-block {padding-left: 20px; padding-right: 20px;}#dfd-rotate-box-69e43f3407482-2415 .dfd-rotate-box-item .thumb-wrap .thumb-wrap-front {background-color: #E4E4E4; }#dfd-rotate-box-69e43f3407482-2415 .dfd-rotate-box-item .thumb-wrap .thumb-wrap-back {background-color: #FFFFFF }<\/style>\");})(jQuery);<\/script><\/div>\n\t\t<\/div> \n\t<\/div> \n\t<div class=\"four columns vc-column-extra-class-69e43f34077e7\" data-parallax_sense=\"30\">\n\t\t<div class=\"wpb_wrapper\">\n\t\t\t<div id=\"dfd-rotate-box-69e43f34079bd-244\" class=\"dfd-rotate-box-wrap  to-left\" ><div class=\"dfd-rotate-box-list\"><div class=\"dfd-item-offset rotate-box\"><div class=\"dfd-rotate-box-item to-left\"><div class=\"thumb-wrap\"><div class=\"thumb-wrap-front dfd-background-main\"><div class=\"content-wrap\"><div class=\"content-block dfd-rotate-content-v_center dfd-rotate-content-h_center\"><h2 class=\"title-first\">Die K\u00fcnstler<\/h2><\/div><\/div><\/div><div class=\"thumb-wrap-back dfd-background-main\"><div class=\"content-wrap\"><div class=\"description-reverse\">Lesen Sie mehr...<\/div><\/div><\/div><\/div><a href=\"https:\/\/klingendesschloss.at\/en\/kuenstler\/\" class=\"full-box-link\" title=\"meisterklassen\"  rel=\"\"><\/a><\/div><\/div><\/div><script type=\"text\/javascript\">(function($) {$(\"head\").append(\"<style>#dfd-rotate-box-69e43f34079bd-244 .dfd-rotate-box-item .thumb-wrap .content-wrap .title-first {color: #000000 !important; }#dfd-rotate-box-69e43f34079bd-244 .dfd-rotate-box-item .thumb-wrap .content-wrap .subtitle-first {color: #000000 !important; }#dfd-rotate-box-69e43f34079bd-244 .dfd-rotate-box-item .thumb-wrap .content-wrap .description-reverse {color: #000000 !important; }#dfd-rotate-box-69e43f34079bd-244 .dfd-rotate-box-item .thumb-wrap .thumb-wrap-front, #dfd-rotate-box-69e43f34079bd-244 .dfd-rotate-box-item .thumb-wrap .thumb-wrap-back {min-height: 120px !important; }#dfd-rotate-box-69e43f34079bd-244 .rotate-box .dfd-rotate-box-item .thumb-wrap .thumb-wrap-front .content-wrap .content-block {padding-top: 20px; padding-bottom: 20px;}#dfd-rotate-box-69e43f34079bd-244 .rotate-box .dfd-rotate-box-item .thumb-wrap .thumb-wrap-front .content-wrap .content-block {padding-left: 20px; padding-right: 20px;}#dfd-rotate-box-69e43f34079bd-244 .dfd-rotate-box-item .thumb-wrap .thumb-wrap-front {background-color: #E4E4E4; }#dfd-rotate-box-69e43f34079bd-244 .dfd-rotate-box-item .thumb-wrap .thumb-wrap-back {background-color: #FFFFFF }<\/style>\");})(jQuery);<\/script><\/div>\n\t\t<\/div> <script type=\"text\/javascript\">(function($) {$(\"head\").append(\"<style>@media (max-width: 799px){.columns.vc-column-extra-class-69e43f34077e7{padding-top: 30px !important;}}<\/style>\");})(jQuery);<\/script>\n\t<\/div> \n\t<div class=\"four columns vc-column-extra-class-69e43f3407ceb\" data-parallax_sense=\"30\">\n\t\t<div class=\"wpb_wrapper\">\n\t\t\t<div id=\"dfd-rotate-box-69e43f3407ed4-1347\" class=\"dfd-rotate-box-wrap  to-left\" ><div class=\"dfd-rotate-box-list\"><div class=\"dfd-item-offset rotate-box\"><div class=\"dfd-rotate-box-item to-left\"><div class=\"thumb-wrap\"><div class=\"thumb-wrap-front dfd-background-main\"><div class=\"content-wrap\"><div class=\"content-block dfd-rotate-content-v_center dfd-rotate-content-h_center\"><h2 class=\"title-first\">Das Schloss<\/h2><\/div><\/div><\/div><div class=\"thumb-wrap-back dfd-background-main\"><div class=\"content-wrap\"><div class=\"description-reverse\">Lesen Sie mehr...<\/div><\/div><\/div><\/div><a href=\"https:\/\/klingendesschloss.at\/en\/schloss\/\" class=\"full-box-link\" title=\"programm\"  rel=\"\"><\/a><\/div><\/div><\/div><script type=\"text\/javascript\">(function($) {$(\"head\").append(\"<style>#dfd-rotate-box-69e43f3407ed4-1347 .dfd-rotate-box-item .thumb-wrap .content-wrap .title-first {color: #000000 !important; }#dfd-rotate-box-69e43f3407ed4-1347 .dfd-rotate-box-item .thumb-wrap .content-wrap .subtitle-first {color: #000000 !important; }#dfd-rotate-box-69e43f3407ed4-1347 .dfd-rotate-box-item .thumb-wrap .content-wrap .description-reverse {color: #000000 !important; }#dfd-rotate-box-69e43f3407ed4-1347 .dfd-rotate-box-item .thumb-wrap .thumb-wrap-front, #dfd-rotate-box-69e43f3407ed4-1347 .dfd-rotate-box-item .thumb-wrap .thumb-wrap-back {min-height: 120px !important; }#dfd-rotate-box-69e43f3407ed4-1347 .rotate-box .dfd-rotate-box-item .thumb-wrap .thumb-wrap-front .content-wrap .content-block {padding-top: 20px; padding-bottom: 20px;}#dfd-rotate-box-69e43f3407ed4-1347 .rotate-box .dfd-rotate-box-item .thumb-wrap .thumb-wrap-front .content-wrap .content-block {padding-left: 20px; padding-right: 20px;}#dfd-rotate-box-69e43f3407ed4-1347 .dfd-rotate-box-item .thumb-wrap .thumb-wrap-front {background-color: #E4E4E4; }#dfd-rotate-box-69e43f3407ed4-1347 .dfd-rotate-box-item .thumb-wrap .thumb-wrap-back {background-color: #FFFFFF }<\/style>\");})(jQuery);<\/script><\/div>\n\t\t<\/div> <script type=\"text\/javascript\">(function($) {$(\"head\").append(\"<style>@media (max-width: 799px){.columns.vc-column-extra-class-69e43f3407ceb{padding-top: 30px !important;}}<\/style>\");})(jQuery);<\/script>\n\t<\/div> <\/div><div class=\"dfd-row-bg-overlay\" style=\"opacity: 0.8;\"><\/div><script type=\"text\/javascript\">(function($) {$(\"head\").append(\"<style>@media (max-width: 799px){.vc-row-wrapper.vc-row-responsive-69e43f3406e2c{padding-top: 40px !important;}}<\/style>\");})(jQuery);<\/script><\/div><div  class=\"vc_row vc-row-wrapper vc-row-responsive-69e43f340842c vc_custom_1771243576117\" data-parallax_sense=\"30\"><div class=\"wpb_row row\" >\n\t<div class=\"twelve columns vc-column-extra-class-69e43f34087d3\" data-parallax_sense=\"30\">\n\t\t<div class=\"wpb_wrapper\">\n\t\t\t\n\t<div class=\"wpb_text_column wpb_content_element\" >\n\t\t<div class=\"wpb_wrapper\">\n\t\t\t<h2 style=\"text-align: center;\">Klingendes Schloss Unterd\u00fcrnbach<\/h2>\n<p style=\"text-align: center;\">pr\u00e4sentiert<\/p>\n<h1 style=\"text-align: center;\">&#8222;Cirque d\u00b4Eau&#8220; das Musikfestival<\/h1>\n<h2 style=\"text-align: center;\">26. &amp; 27. und 28. Juni 2026<\/h2>\n\n\t\t<\/div> \n\t<\/div> \n\t\t<\/div> \n\t<\/div> <\/div><div class=\"dfd-row-bg-overlay\" style=\"opacity: 0.8;\"><\/div><script type=\"text\/javascript\">(function($) {$(\"head\").append(\"<style>@media (max-width: 799px){.vc-row-wrapper.vc-row-responsive-69e43f340842c{padding-top: 20px !important;}}<\/style>\");})(jQuery);<\/script><\/div><div  class=\"vc_row vc-row-wrapper vc-row-responsive-69e43f3408f8a vc_custom_1771243442093\" data-parallax_sense=\"30\"><div class=\"wpb_row row\" >\n\t<div class=\"twelve columns vc-column-extra-class-69e43f34092a6\" data-parallax_sense=\"30\">\n\t\t<div class=\"wpb_wrapper\">\n\t\t\t\n\t<div class=\"wpb_text_column wpb_content_element\" >\n\t\t<div class=\"wpb_wrapper\">\n\t\t\t<h2 style=\"text-align: center;\">Cirque d\u00b4Eau \u2013 Zirkus des Wassers<br \/>\nLassen Sie sich berauschen vom Klang des Meeres und tauchen Sie ab in meine musikalischen See(le)nlandschaften.<\/h2>\n<p style=\"text-align: center;\">Johanna Doderer, 15. 02. 2026<\/p>\n\n\t\t<\/div> \n\t<\/div> \n\t\t<\/div> \n\t<\/div> <\/div><div class=\"dfd-row-bg-overlay\" style=\"opacity: 0.8;\"><\/div><script type=\"text\/javascript\">(function($) {$(\"head\").append(\"<style>@media (max-width: 799px){.vc-row-wrapper.vc-row-responsive-69e43f3408f8a{padding-top: 20px !important;}}<\/style>\");})(jQuery);<\/script><\/div><div  class=\"vc_row vc-row-wrapper vc-row-responsive-69e43f34098de vc_custom_1771243930395\" data-parallax_sense=\"30\"><div class=\"wpb_row row\" >\n\t<div class=\"twelve columns vc-column-extra-class-69e43f3409bf2\" data-parallax_sense=\"30\">\n\t\t<div class=\"wpb_wrapper\">\n\t\t\t\n\t<div class=\"wpb_text_column wpb_content_element\" >\n\t\t<div class=\"wpb_wrapper\">\n\t\t\t<h2 style=\"text-align: center;\">N\u00e4here Informationen folgen in K\u00fcrze!<\/h2>\n\n\t\t<\/div> \n\t<\/div> \n\t\t<\/div> \n\t<\/div> <\/div><div class=\"dfd-row-bg-overlay\" style=\"opacity: 0.8;\"><\/div><script type=\"text\/javascript\">(function($) {$(\"head\").append(\"<style>@media (max-width: 799px){.vc-row-wrapper.vc-row-responsive-69e43f34098de{padding-top: 20px !important;}}<\/style>\");})(jQuery);<\/script><\/div>\n<\/div>","protected":false},"excerpt":{"rendered":"pr\u00e4sentiert Das ProgrammLesen Sie mehr... Die K\u00fcnstlerLesen Sie mehr... Das SchlossLesen Sie mehr... Klingendes Schloss Unterd\u00fcrnbach pr\u00e4sentiert \"Cirque d\u00b4Eau\" das Musikfestival 26. &amp; 27. und 28. Juni 2026 Cirque d\u00b4Eau","protected":false},"author":3,"featured_media":0,"parent":0,"menu_order":0,"comment_status":"closed","ping_status":"closed","template":"page-custom.php","meta":{"footnotes":""},"class_list":["post-7019","page","type-page","status-publish","hentry"],"_links":{"self":[{"href":"https:\/\/klingendesschloss.at\/en\/wp-json\/wp\/v2\/pages\/7019","targetHints":{"allow":["GET"]}}],"collection":[{"href":"https:\/\/klingendesschloss.at\/en\/wp-json\/wp\/v2\/pages"}],"about":[{"href":"https:\/\/klingendesschloss.at\/en\/wp-json\/wp\/v2\/types\/page"}],"author":[{"embeddable":true,"href":"https:\/\/klingendesschloss.at\/en\/wp-json\/wp\/v2\/users\/3"}],"replies":[{"embeddable":true,"href":"https:\/\/klingendesschloss.at\/en\/wp-json\/wp\/v2\/comments?post=7019"}],"version-history":[{"count":20,"href":"https:\/\/klingendesschloss.at\/en\/wp-json\/wp\/v2\/pages\/7019\/revisions"}],"predecessor-version":[{"id":7086,"href":"https:\/\/klingendesschloss.at\/en\/wp-json\/wp\/v2\/pages\/7019\/revisions\/7086"}],"wp:attachment":[{"href":"https:\/\/klingendesschloss.at\/en\/wp-json\/wp\/v2\/media?parent=7019"}],"curies":[{"name":"wp","href":"https:\/\/api.w.org\/{rel}","templated":true}]}}