{"id":6904,"date":"2025-06-20T09:04:18","date_gmt":"2025-06-20T07:04:18","guid":{"rendered":"https:\/\/klingendesschloss.at\/?page_id=6904"},"modified":"2025-06-20T09:19:29","modified_gmt":"2025-06-20T07:19:29","slug":"programm_nautilus","status":"publish","type":"page","link":"https:\/\/klingendesschloss.at\/en\/programm_nautilus\/","title":{"rendered":"programm_nautilus"},"content":{"rendered":"<div class=\"wpb-content-wrapper\"><div  class=\"vc_row vc-row-wrapper full_width_content dfd-background-dark\" data-parallax_sense=\"30\"><div class=\"wpb_row row\" >\n\t<div class=\"twelve columns vc-column-extra-class-69e616be72bcc vc_custom_1747312827330\" data-parallax_sense=\"30\">\n\t\t<div class=\"wpb_wrapper\">\n\t\t\t\r\n\t<div class=\"wpb_single_image wpb_content_element vc_align_left\" >\r\n\t\t<div class=\"wpb_wrapper\">\r\n\t\t\t\r\n\t\t\t<div class=\"vc_single_image-wrapper   vc_box_border_grey\" ><img loading=\"lazy\" decoding=\"async\" width=\"1920\" height=\"400\" src=\"https:\/\/klingendesschloss.at\/wp-content\/uploads\/2025\/02\/headersmall-1.jpg\" class=\"vc_single_image-img attachment-full\" alt=\"\" title=\"headersmall\" srcset=\"https:\/\/klingendesschloss.at\/wp-content\/uploads\/2025\/02\/headersmall-1.jpg 1920w, https:\/\/klingendesschloss.at\/wp-content\/uploads\/2025\/02\/headersmall-1-300x63.jpg 300w, https:\/\/klingendesschloss.at\/wp-content\/uploads\/2025\/02\/headersmall-1-1024x213.jpg 1024w, https:\/\/klingendesschloss.at\/wp-content\/uploads\/2025\/02\/headersmall-1-768x160.jpg 768w, https:\/\/klingendesschloss.at\/wp-content\/uploads\/2025\/02\/headersmall-1-1536x320.jpg 1536w, https:\/\/klingendesschloss.at\/wp-content\/uploads\/2025\/02\/headersmall-1-18x4.jpg 18w\" sizes=\"auto, (max-width: 1920px) 100vw, 1920px\" \/><\/div>\r\n\t\t\t\r\n\t\t<\/div>\r\n\t<\/div>\r\n\n\t\t<\/div> \n\t<\/div> <\/div><div class=\"dfd-row-bg-wrap dfd-row-bg-anim-colors\" id=\"DfdAnimatedBG69e616be73844\"><\/div><script type=\"text\/javascript\">\r\n\t\t\t\t\t(function($) {\r\n\t\t\t\t\t\t$(\"head\").append(\"<style>#DfdAnimatedBG69e616be73844{background: #000000;-webkit-animation: DfdAnimatedBG69e616be73844 3s linear infinite;-moz-animation: DfdAnimatedBG69e616be73844 3s linear infinite;-ms-animation: DfdAnimatedBG69e616be73844 3s linear infinite;-o-animation: DfdAnimatedBG69e616be73844 3s linear infinite;animation: DfdAnimatedBG69e616be73844 3s linear infinite;}@-webkit-keyframes DfdAnimatedBG69e616be73844 {0% { background: #000000}}@-moz-keyframes DfdAnimatedBG69e616be73844 {0% { background: #000000}}@-ms-keyframes DfdAnimatedBG69e616be73844 {0% { background: #000000}}@-o-keyframes DfdAnimatedBG69e616be73844 {0% { background: #000000}}@keyframes DfdAnimatedBG69e616be73844 {0% { background: #000000}}<\/style>\");\r\n\t\t\t\t\t})(jQuery);\r\n\t\t\t\t<\/script><div class=\"dfd-row-bg-overlay\" style=\"opacity: 0.8;\"><\/div><script type=\"text\/javascript\">(function($) {$(\"head\").append(\"<style>#DfdAnimatedBG69e616be73844{background: #000000;-webkit-animation: DfdAnimatedBG69e616be73844 3s linear infinite;-moz-animation: DfdAnimatedBG69e616be73844 3s linear infinite;-ms-animation: DfdAnimatedBG69e616be73844 3s linear infinite;-o-animation: DfdAnimatedBG69e616be73844 3s linear infinite;animation: DfdAnimatedBG69e616be73844 3s linear infinite;}@-webkit-keyframes DfdAnimatedBG69e616be73844 {0% { background: #000000}}@-moz-keyframes DfdAnimatedBG69e616be73844 {0% { background: #000000}}@-ms-keyframes DfdAnimatedBG69e616be73844 {0% { background: #000000}}@-o-keyframes DfdAnimatedBG69e616be73844 {0% { background: #000000}}@keyframes DfdAnimatedBG69e616be73844 {0% { background: #000000}}<\/style>\");})(jQuery);<\/script><\/div><div  class=\"vc_row vc-row-wrapper vc_custom_1740564060445\" data-parallax_sense=\"30\"><div class=\"wpb_row row\" >\n\t<div class=\"twelve columns vc-column-extra-class-69e616be7409f\" data-parallax_sense=\"30\">\n\t\t<div class=\"wpb_wrapper\">\n\t\t\t\n\t<div class=\"wpb_text_column wpb_content_element\" >\n\t\t<div class=\"wpb_wrapper\">\n\t\t\t<h1>Samstag, 21. Juni 2025<\/h1>\n\n\t\t<\/div> \n\t<\/div> \n\t\t<\/div> \n\t<\/div> <\/div><div class=\"dfd-row-bg-overlay\" style=\"opacity: 0.8;\"><\/div><\/div><div  class=\"vc_row vc-row-wrapper vc_custom_1740564789716\" data-parallax_sense=\"30\"><div class=\"wpb_row row\" >\n\t<div class=\"three columns vc-column-extra-class-69e616be74b40\" data-parallax_sense=\"30\">\n\t\t<div class=\"wpb_wrapper\">\n\t\t\t\n\t<div class=\"wpb_text_column wpb_content_element\" >\n\t\t<div class=\"wpb_wrapper\">\n\t\t\t<h2>19:00 Uhr<\/h2>\n\n\t\t<\/div> \n\t<\/div> \n\t\t<\/div> \n\t<\/div> \n\t<div class=\"nine columns vc-column-extra-class-69e616be74f77\" data-parallax_sense=\"30\">\n\t\t<div class=\"wpb_wrapper\">\n\t\t\t\n\t<div class=\"wpb_text_column wpb_content_element\" >\n\t\t<div class=\"wpb_wrapper\">\n\t\t\t<h2>Auftaktveranstaltung in Sitzendorf an der Schmida | Kirche St. Martin<\/h2>\n<p>Anreise der WorkshopteilnehmerInnen<\/p>\n<p>Lesung und Konzert<br \/>\nVertonungen der Gedichte von Theoder Kramer (geb. 1897 in Niederhollabrunn, gest. 1958 in Wien). Einer der gro\u00dfen deutschsprachigen Lyriker &#8211; und der ber\u00fchmteste aus dem Weinviertel\/Nieder\u00f6sterreich<\/p>\n<p>Komponist Shane Woodborne<\/p>\n<p>Ensemble Quadrophonie Salzburg<br \/>\n(2 Klarinetten, Fagott. Akkordeon), Johannes Forster, Bariton<\/p>\n<p>Sprecher: Gottfried Franz Kasparek.<\/p>\n\n\t\t<\/div> \n\t<\/div> \n\t\t<\/div> \n\t<\/div> <\/div><div class=\"dfd-row-bg-overlay\" style=\"opacity: 0.8;\"><\/div><\/div><div  class=\"vc_row vc-row-wrapper vc_custom_1740567261595\" data-parallax_sense=\"30\"><div class=\"wpb_row row\" >\n\t<div class=\"twelve columns vc-column-extra-class-69e616be758d1\" data-parallax_sense=\"30\">\n\t\t<div class=\"wpb_wrapper\">\n\t\t\t\n\t<div class=\"wpb_text_column wpb_content_element\" >\n\t\t<div class=\"wpb_wrapper\">\n\t\t\t<h1>Donnerstag, 26. Juni 2025<\/h1>\n\n\t\t<\/div> \n\t<\/div> \n\t\t<\/div> \n\t<\/div> <\/div><div class=\"dfd-row-bg-overlay\" style=\"opacity: 0.8;\"><\/div><\/div><div  class=\"vc_row vc-row-wrapper vc_custom_1740564789716\" data-parallax_sense=\"30\"><div class=\"wpb_row row\" >\n\t<div class=\"three columns vc-column-extra-class-69e616be761c5\" data-parallax_sense=\"30\">\n\t\t<div class=\"wpb_wrapper\">\n\t\t\t\n\t<div class=\"wpb_text_column wpb_content_element\" >\n\t\t<div class=\"wpb_wrapper\">\n\t\t\t<h2>17:00 Uhr<\/h2>\n\n\t\t<\/div> \n\t<\/div> \n\t\t<\/div> \n\t<\/div> \n\t<div class=\"nine columns vc-column-extra-class-69e616be76614\" data-parallax_sense=\"30\">\n\t\t<div class=\"wpb_wrapper\">\n\t\t\t\n\t<div class=\"wpb_text_column wpb_content_element\" >\n\t\t<div class=\"wpb_wrapper\">\n\t\t\t<h2>Er\u00f6ffnung des Festivals im Schloss Unterd\u00fcrnbach | Arkadenhof | Affensaal<\/h2>\n<p>Konzert und Lesung<\/p>\n<p>M\u00e4rchen \u201eDas klingende Schloss\u201c<\/p>\n<p>Klarinette: Simon Reitmaier<br \/>\nKlavier: Michail Mordwinow<\/p>\n<p>Es liest der Schauspieler Michael Dangl gemeinsam mit seiner Tochter Anfisa Margarita Dangl<\/p>\n\n\t\t<\/div> \n\t<\/div> \n\t\t<\/div> \n\t<\/div> <\/div><div class=\"dfd-row-bg-overlay\" style=\"opacity: 0.8;\"><\/div><\/div><div  class=\"vc_row vc-row-wrapper vc_custom_1740565089217\" data-parallax_sense=\"30\"><div class=\"wpb_row row\" >\n\t<div class=\"three columns vc-column-extra-class-69e616be76f76\" data-parallax_sense=\"30\">\n\t\t<div class=\"wpb_wrapper\">\n\t\t\t\n\t<div class=\"wpb_text_column wpb_content_element\" >\n\t\t<div class=\"wpb_wrapper\">\n\t\t\t<h2>19:00 Uhr<\/h2>\n\n\t\t<\/div> \n\t<\/div> \n\t\t<\/div> \n\t<\/div> \n\t<div class=\"nine columns vc-column-extra-class-69e616be7743a\" data-parallax_sense=\"30\">\n\t\t<div class=\"wpb_wrapper\">\n\t\t\t\n\t<div class=\"wpb_text_column wpb_content_element\" >\n\t\t<div class=\"wpb_wrapper\">\n\t\t\t<h2>Schloss Unterd\u00fcrnbach | Arkadenhof<\/h2>\n<p>Der Autor und Schauspieler Michael Dangl<br \/>\nliest seinen \u201eHymnos an den S\u00fcden\u201c &#8211;<br \/>\nein erz\u00e4hlerisches Gedicht, das in antiker Tradition und daher im Hexameter steht.<\/p>\n\n\t\t<\/div> \n\t<\/div> \n\t\t<\/div> \n\t<\/div> <\/div><div class=\"dfd-row-bg-overlay\" style=\"opacity: 0.8;\"><\/div><\/div><div  class=\"vc_row vc-row-wrapper vc_custom_1740565089217\" data-parallax_sense=\"30\"><div class=\"wpb_row row\" >\n\t<div class=\"three columns vc-column-extra-class-69e616be77daa\" data-parallax_sense=\"30\">\n\t\t<div class=\"wpb_wrapper\">\n\t\t\t\n\t<div class=\"wpb_text_column wpb_content_element\" >\n\t\t<div class=\"wpb_wrapper\">\n\t\t\t<h2>20:00 Uhr<\/h2>\n\n\t\t<\/div> \n\t<\/div> \n\t\t<\/div> \n\t<\/div> \n\t<div class=\"nine columns vc-column-extra-class-69e616be781d8\" data-parallax_sense=\"30\">\n\t\t<div class=\"wpb_wrapper\">\n\t\t\t\n\t<div class=\"wpb_text_column wpb_content_element\" >\n\t\t<div class=\"wpb_wrapper\">\n\t\t\t<h2>Schloss Unterd\u00fcrnbach | Affensaal<\/h2>\n<p>Klavierrezital Michail Mordwinow<br \/>\n\u201eWasser und Nacht\u201c<\/p>\n<p>Werke unter anderem von Beethoven, Schubert, Schumann, Chopin, Doderer, Sylvestrow<\/p>\n\n\t\t<\/div> \n\t<\/div> \n\t\t<\/div> \n\t<\/div> <\/div><div class=\"dfd-row-bg-overlay\" style=\"opacity: 0.8;\"><\/div><\/div><div  class=\"vc_row vc-row-wrapper vc_custom_1740567270393\" data-parallax_sense=\"30\"><div class=\"wpb_row row\" >\n\t<div class=\"twelve columns vc-column-extra-class-69e616be78b9e\" data-parallax_sense=\"30\">\n\t\t<div class=\"wpb_wrapper\">\n\t\t\t\n\t<div class=\"wpb_text_column wpb_content_element\" >\n\t\t<div class=\"wpb_wrapper\">\n\t\t\t<h1>Freitag, 27. Juni 2025<\/h1>\n\n\t\t<\/div> \n\t<\/div> \n\t\t<\/div> \n\t<\/div> <\/div><div class=\"dfd-row-bg-overlay\" style=\"opacity: 0.8;\"><\/div><\/div><div  class=\"vc_row vc-row-wrapper vc_custom_1740565089217\" data-parallax_sense=\"30\"><div class=\"wpb_row row\" >\n\t<div class=\"three columns vc-column-extra-class-69e616be79548\" data-parallax_sense=\"30\">\n\t\t<div class=\"wpb_wrapper\">\n\t\t\t\n\t<div class=\"wpb_text_column wpb_content_element\" >\n\t\t<div class=\"wpb_wrapper\">\n\t\t\t<h2>18:00 Uhr<\/h2>\n\n\t\t<\/div> \n\t<\/div> \n\t\t<\/div> \n\t<\/div> \n\t<div class=\"nine columns vc-column-extra-class-69e616be799a4\" data-parallax_sense=\"30\">\n\t\t<div class=\"wpb_wrapper\">\n\t\t\t\n\t<div class=\"wpb_text_column wpb_content_element\" >\n\t\t<div class=\"wpb_wrapper\">\n\t\t\t<h2>Schloss Unterd\u00fcrnbach<\/h2>\n<p>Festivalausstellung \u201eOzean\u201c von und mit Gottfried Bernhard<\/p>\n<p>Musikalische Umrahmung der Ausstellung: Christina Pfeifer, Schlagwerk<\/p>\n\n\t\t<\/div> \n\t<\/div> \n\t\t<\/div> \n\t<\/div> <\/div><div class=\"dfd-row-bg-overlay\" style=\"opacity: 0.8;\"><\/div><\/div><div  class=\"vc_row vc-row-wrapper vc_custom_1740565089217\" data-parallax_sense=\"30\"><div class=\"wpb_row row\" >\n\t<div class=\"three columns vc-column-extra-class-69e616be7a328\" data-parallax_sense=\"30\">\n\t\t<div class=\"wpb_wrapper\">\n\t\t\t\n\t<div class=\"wpb_text_column wpb_content_element\" >\n\t\t<div class=\"wpb_wrapper\">\n\t\t\t<h2>20:00 Uhr<\/h2>\n\n\t\t<\/div> \n\t<\/div> \n\t\t<\/div> \n\t<\/div> \n\t<div class=\"nine columns vc-column-extra-class-69e616be7a780\" data-parallax_sense=\"30\">\n\t\t<div class=\"wpb_wrapper\">\n\t\t\t\n\t<div class=\"wpb_text_column wpb_content_element\" >\n\t\t<div class=\"wpb_wrapper\">\n\t\t\t<h2>Schloss Unterd\u00fcrnbach | Arkadenhof<\/h2>\n<p>\u201eOzean\u201c<\/p>\n<p>Company of Music<br \/>\nStreichoktett ( MusikerInnen u.a. Studierende der MDW)<\/p>\n<p>Solisten:<br \/>\nJulia Smirnova, Violine<br \/>\nKonstantin Manaev, Cello<br \/>\nMoritz Molnar<\/p>\n<p>Programm: u.a. Urauff\u00fchrung des Werks OZEAN von Johanna Doderer<\/p>\n\n\t\t<\/div> \n\t<\/div> \n\t\t<\/div> \n\t<\/div> <\/div><div class=\"dfd-row-bg-overlay\" style=\"opacity: 0.8;\"><\/div><\/div><div  class=\"vc_row vc-row-wrapper vc_custom_1740565089217\" data-parallax_sense=\"30\"><div class=\"wpb_row row\" >\n\t<div class=\"three columns vc-column-extra-class-69e616be7b164\" data-parallax_sense=\"30\">\n\t\t<div class=\"wpb_wrapper\">\n\t\t\t\n\t<div class=\"wpb_text_column wpb_content_element\" >\n\t\t<div class=\"wpb_wrapper\">\n\t\t\t<h2>22:00 Uhr<\/h2>\n\n\t\t<\/div> \n\t<\/div> \n\t\t<\/div> \n\t<\/div> \n\t<div class=\"nine columns vc-column-extra-class-69e616be7b5bf\" data-parallax_sense=\"30\">\n\t\t<div class=\"wpb_wrapper\">\n\t\t\t\n\t<div class=\"wpb_text_column wpb_content_element\" >\n\t\t<div class=\"wpb_wrapper\">\n\t\t\t<h2>Schloss Unterd\u00fcrnbach | Arkadenhof<\/h2>\n<p>Pr\u00e4sentation der Musikfilme \u201eVulcano\u201c, &#8222;Ozean&#8220; und \u201eSandberg Variationen\u201c<br \/>\nvon Sebastian Kubelka und Patrick Doderer<br \/>\nmit Julia Smirnova und Konstantin Manaev<\/p>\n<p>Beide Filme sind im Rahmen des Festivals 2024 entstanden.<\/p>\n\n\t\t<\/div> \n\t<\/div> \n\t\t<\/div> \n\t<\/div> <\/div><div class=\"dfd-row-bg-overlay\" style=\"opacity: 0.8;\"><\/div><\/div><div  class=\"vc_row vc-row-wrapper vc_custom_1740567270393\" data-parallax_sense=\"30\"><div class=\"wpb_row row\" >\n\t<div class=\"twelve columns vc-column-extra-class-69e616be7bf62\" data-parallax_sense=\"30\">\n\t\t<div class=\"wpb_wrapper\">\n\t\t\t\n\t<div class=\"wpb_text_column wpb_content_element\" >\n\t\t<div class=\"wpb_wrapper\">\n\t\t\t<h1>Samstag, 28. Juni 2025<\/h1>\n\n\t\t<\/div> \n\t<\/div> \n\t\t<\/div> \n\t<\/div> <\/div><div class=\"dfd-row-bg-overlay\" style=\"opacity: 0.8;\"><\/div><\/div><div  class=\"vc_row vc-row-wrapper vc_custom_1740565089217\" data-parallax_sense=\"30\"><div class=\"wpb_row row\" >\n\t<div class=\"three columns vc-column-extra-class-69e616be7c862\" data-parallax_sense=\"30\">\n\t\t<div class=\"wpb_wrapper\">\n\t\t\t\n\t<div class=\"wpb_text_column wpb_content_element\" >\n\t\t<div class=\"wpb_wrapper\">\n\t\t\t<h2>10:00 Uhr<\/h2>\n\n\t\t<\/div> \n\t<\/div> \n\t\t<\/div> \n\t<\/div> \n\t<div class=\"nine columns vc-column-extra-class-69e616be7ccaf\" data-parallax_sense=\"30\">\n\t\t<div class=\"wpb_wrapper\">\n\t\t\t\n\t<div class=\"wpb_text_column wpb_content_element\" >\n\t\t<div class=\"wpb_wrapper\">\n\t\t\t<h2>Schloss Unterd\u00fcrnbach<\/h2>\n<p>\u00d61 Klassik Treffpunkt<br \/>\nLive aus dem Schloss Unterd\u00fcrnbach<\/p>\n<p>Gast: Johanna Doderer und Special Guests des Festivals Klingendes Schloss Unterd\u00fcrnbach<br \/>\nPr\u00e4sentation: Ulla Pilz<\/p>\n\n\t\t<\/div> \n\t<\/div> \n\t\t<\/div> \n\t<\/div> <\/div><div class=\"dfd-row-bg-overlay\" style=\"opacity: 0.8;\"><\/div><\/div><div  class=\"vc_row vc-row-wrapper vc_custom_1740565089217\" data-parallax_sense=\"30\"><div class=\"wpb_row row\" >\n\t<div class=\"three columns vc-column-extra-class-69e616be7d690\" data-parallax_sense=\"30\">\n\t\t<div class=\"wpb_wrapper\">\n\t\t\t\n\t<div class=\"wpb_text_column wpb_content_element\" >\n\t\t<div class=\"wpb_wrapper\">\n\t\t\t<h2>16:00 Uhr<\/h2>\n\n\t\t<\/div> \n\t<\/div> \n\t\t<\/div> \n\t<\/div> \n\t<div class=\"nine columns vc-column-extra-class-69e616be7daf0\" data-parallax_sense=\"30\">\n\t\t<div class=\"wpb_wrapper\">\n\t\t\t\n\t<div class=\"wpb_text_column wpb_content_element\" >\n\t\t<div class=\"wpb_wrapper\">\n\t\t\t<h2>Schloss Unterd\u00fcrnbach | Affensaal<\/h2>\n<p>Vortrag und Buchpr\u00e4sentation<br \/>\n&#8222;\u00c4lter als Stonehenge. R\u00e4tselhafte Monumente in \u00d6sterreich&#8220;<\/p>\n<p>Geheimnisvolle Kreisgr\u00e4ben, Zeitreise Heldenberg<br \/>\ndes Arch\u00e4ologen Prof. Dr. Wolfgang Neubauer<\/p>\n\n\t\t<\/div> \n\t<\/div> \n\t\t<\/div> \n\t<\/div> <\/div><div class=\"dfd-row-bg-overlay\" style=\"opacity: 0.8;\"><\/div><\/div><div  class=\"vc_row vc-row-wrapper vc_custom_1740565089217\" data-parallax_sense=\"30\"><div class=\"wpb_row row\" >\n\t<div class=\"three columns vc-column-extra-class-69e616be7e44b\" data-parallax_sense=\"30\">\n\t\t<div class=\"wpb_wrapper\">\n\t\t\t\n\t<div class=\"wpb_text_column wpb_content_element\" >\n\t\t<div class=\"wpb_wrapper\">\n\t\t\t<h2>18:00 Uhr<\/h2>\n\n\t\t<\/div> \n\t<\/div> \n\t\t<\/div> \n\t<\/div> \n\t<div class=\"nine columns vc-column-extra-class-69e616be7e89a\" data-parallax_sense=\"30\">\n\t\t<div class=\"wpb_wrapper\">\n\t\t\t\n\t<div class=\"wpb_text_column wpb_content_element\" >\n\t\t<div class=\"wpb_wrapper\">\n\t\t\t<h2>Schloss Unterd\u00fcrnbach | Arkadenhof<\/h2>\n<p>Messe mit Pater Edmund Tanzer, musikalisch gestaltet mit K\u00fcnstlerInnen des Festivals<\/p>\n\n\t\t<\/div> \n\t<\/div> \n\t\t<\/div> \n\t<\/div> <\/div><div class=\"dfd-row-bg-overlay\" style=\"opacity: 0.8;\"><\/div><\/div><div  class=\"vc_row vc-row-wrapper vc_custom_1740565089217\" data-parallax_sense=\"30\"><div class=\"wpb_row row\" >\n\t<div class=\"three columns vc-column-extra-class-69e616be7f254\" data-parallax_sense=\"30\">\n\t\t<div class=\"wpb_wrapper\">\n\t\t\t\n\t<div class=\"wpb_text_column wpb_content_element\" >\n\t\t<div class=\"wpb_wrapper\">\n\t\t\t<h2>ab 19:00 Uhr<\/h2>\n\n\t\t<\/div> \n\t<\/div> \n\t\t<\/div> \n\t<\/div> \n\t<div class=\"nine columns vc-column-extra-class-69e616be7f6a6\" data-parallax_sense=\"30\">\n\t\t<div class=\"wpb_wrapper\">\n\t\t\t\n\t<div class=\"wpb_text_column wpb_content_element\" >\n\t\t<div class=\"wpb_wrapper\">\n\t\t\t<h2>Schloss Unterd\u00fcrnbach | Arkadenhof<\/h2>\n<p>Mulatschag &#8211; Grillfest mit musikalischer Begleitung der Weltmusiker &#8222;MoZuluArt&#8220;<\/p>\n\n\t\t<\/div> \n\t<\/div> \n\t\t<\/div> \n\t<\/div> <\/div><div class=\"dfd-row-bg-overlay\" style=\"opacity: 0.8;\"><\/div><\/div><div  class=\"vc_row vc-row-wrapper vc_custom_1740567270393\" data-parallax_sense=\"30\"><div class=\"wpb_row row\" >\n\t<div class=\"twelve columns vc-column-extra-class-69e616be80022\" data-parallax_sense=\"30\">\n\t\t<div class=\"wpb_wrapper\">\n\t\t\t\n\t<div class=\"wpb_text_column wpb_content_element\" >\n\t\t<div class=\"wpb_wrapper\">\n\t\t\t<h1>Sonntag, 29. Juni 2025<\/h1>\n\n\t\t<\/div> \n\t<\/div> \n\t\t<\/div> \n\t<\/div> <\/div><div class=\"dfd-row-bg-overlay\" style=\"opacity: 0.8;\"><\/div><\/div><div  class=\"vc_row vc-row-wrapper vc_custom_1740565089217\" data-parallax_sense=\"30\"><div class=\"wpb_row row\" >\n\t<div class=\"three columns vc-column-extra-class-69e616be80988\" data-parallax_sense=\"30\">\n\t\t<div class=\"wpb_wrapper\">\n\t\t\t\n\t<div class=\"wpb_text_column wpb_content_element\" >\n\t\t<div class=\"wpb_wrapper\">\n\t\t\t<h2>11:00 Uhr<\/h2>\n\n\t\t<\/div> \n\t<\/div> \n\t\t<\/div> \n\t<\/div> \n\t<div class=\"nine columns vc-column-extra-class-69e616be80dc2\" data-parallax_sense=\"30\">\n\t\t<div class=\"wpb_wrapper\">\n\t\t\t\n\t<div class=\"wpb_text_column wpb_content_element\" >\n\t\t<div class=\"wpb_wrapper\">\n\t\t\t<h2>Schloss Unterd\u00fcrnbach | Affensaal<\/h2>\n<p>Matinee<\/p>\n<p>Jan\u00e1\u010dek-Quartett<\/p>\n<p>Werke von Jan\u00e1\u010dek bis Doderer<\/p>\n\n\t\t<\/div> \n\t<\/div> \n\t\t<\/div> \n\t<\/div> <\/div><div class=\"dfd-row-bg-overlay\" style=\"opacity: 0.8;\"><\/div><\/div><div  class=\"vc_row vc-row-wrapper vc_custom_1740572160913\" data-parallax_sense=\"30\"><div class=\"wpb_row row\" >\n\t<div class=\"three columns vc-column-extra-class-69e616be8172a\" data-parallax_sense=\"30\">\n\t\t<div class=\"wpb_wrapper\">\n\t\t\t\n\t<div class=\"wpb_text_column wpb_content_element\" >\n\t\t<div class=\"wpb_wrapper\">\n\t\t\t<h2>15:00 Uhr<\/h2>\n\n\t\t<\/div> \n\t<\/div> \n\t\t<\/div> \n\t<\/div> \n\t<div class=\"nine columns vc-column-extra-class-69e616be81b7b\" data-parallax_sense=\"30\">\n\t\t<div class=\"wpb_wrapper\">\n\t\t\t\n\t<div class=\"wpb_text_column wpb_content_element\" >\n\t\t<div class=\"wpb_wrapper\">\n\t\t\t<h2>Weinberge, Sitzendorf an der Schmida<\/h2>\n<p>Musikalische Weinwanderung<\/p>\n<p>Musikalische Gestaltung: Klarinettenklasse des Workshops mit Simon Reitmaier<\/p>\n<p>Vortrag: Dr. Johannes Tuzar<\/p>\n<p>Treffpunkt: Buschenschank Schuh in der Kellergasse A-3714 Roseldorf<\/p>\n\n\t\t<\/div> \n\t<\/div> \n\t\t<\/div> \n\t<\/div> <\/div><div class=\"dfd-row-bg-overlay\" style=\"opacity: 0.8;\"><\/div><\/div><div  class=\"vc_row vc-row-wrapper vc_custom_1750403760213\" data-parallax_sense=\"30\"><div class=\"wpb_row row\" >\n\t<div class=\"three columns vc-column-extra-class-69e616be8259f\" data-parallax_sense=\"30\">\n\t\t<div class=\"wpb_wrapper\">\n\t\t\t\r\n\t<div class=\"wpb_single_image wpb_content_element vc_align_left\" >\r\n\t\t<div class=\"wpb_wrapper\">\r\n\t\t\t\r\n\t\t\t<div class=\"vc_single_image-wrapper   vc_box_border_grey\" ><a href=\"https:\/\/klingendesschloss.at\/programm.pdf\" target=\"_blank\"><img loading=\"lazy\" decoding=\"async\" width=\"699\" height=\"1000\" src=\"https:\/\/klingendesschloss.at\/wp-content\/uploads\/2025\/06\/deckblatt_front.jpg\" class=\"vc_single_image-img attachment-full\" alt=\"\" title=\"deckblatt_front\" srcset=\"https:\/\/klingendesschloss.at\/wp-content\/uploads\/2025\/06\/deckblatt_front.jpg 699w, https:\/\/klingendesschloss.at\/wp-content\/uploads\/2025\/06\/deckblatt_front-210x300.jpg 210w, https:\/\/klingendesschloss.at\/wp-content\/uploads\/2025\/06\/deckblatt_front-8x12.jpg 8w\" sizes=\"auto, (max-width: 699px) 100vw, 699px\" \/><\/a><\/div>\r\n\t\t\t\r\n\t\t<\/div>\r\n\t<\/div>\r\n\n\t\t<\/div> \n\t<\/div> \n\t<div class=\"nine columns vc-column-extra-class-69e616be82f53\" data-parallax_sense=\"30\">\n\t\t<div class=\"wpb_wrapper\">\n\t\t\t\n\t<div class=\"wpb_text_column wpb_content_element\" >\n\t\t<div class=\"wpb_wrapper\">\n\t\t\t<h2>Das Programm<\/h2>\n<p>des Musikfestivals Klingendes Schloss Unterd\u00fcrnbach &#8222;NAUTILUS&#8220; 2025<br \/>\nKlicken Sie bitte auf das Bild zum downloaden.<\/p>\n\n\t\t<\/div> \n\t<\/div> \n\t\t<\/div> \n\t<\/div> <\/div><div class=\"dfd-row-bg-overlay\" style=\"opacity: 0.8;\"><\/div><\/div>\n<\/div>","protected":false},"excerpt":{"rendered":"Samstag, 21. Juni 2025 19:00 Uhr Auftaktveranstaltung in Sitzendorf an der Schmida | Kirche St. Martin Anreise der WorkshopteilnehmerInnen Lesung und Konzert Vertonungen der Gedichte von Theoder Kramer (geb. 1897","protected":false},"author":3,"featured_media":0,"parent":0,"menu_order":0,"comment_status":"closed","ping_status":"closed","template":"page-custom.php","meta":{"footnotes":""},"class_list":["post-6904","page","type-page","status-publish","hentry"],"_links":{"self":[{"href":"https:\/\/klingendesschloss.at\/en\/wp-json\/wp\/v2\/pages\/6904","targetHints":{"allow":["GET"]}}],"collection":[{"href":"https:\/\/klingendesschloss.at\/en\/wp-json\/wp\/v2\/pages"}],"about":[{"href":"https:\/\/klingendesschloss.at\/en\/wp-json\/wp\/v2\/types\/page"}],"author":[{"embeddable":true,"href":"https:\/\/klingendesschloss.at\/en\/wp-json\/wp\/v2\/users\/3"}],"replies":[{"embeddable":true,"href":"https:\/\/klingendesschloss.at\/en\/wp-json\/wp\/v2\/comments?post=6904"}],"version-history":[{"count":4,"href":"https:\/\/klingendesschloss.at\/en\/wp-json\/wp\/v2\/pages\/6904\/revisions"}],"predecessor-version":[{"id":6911,"href":"https:\/\/klingendesschloss.at\/en\/wp-json\/wp\/v2\/pages\/6904\/revisions\/6911"}],"wp:attachment":[{"href":"https:\/\/klingendesschloss.at\/en\/wp-json\/wp\/v2\/media?parent=6904"}],"curies":[{"name":"wp","href":"https:\/\/api.w.org\/{rel}","templated":true}]}}