{"id":6512,"date":"2025-03-05T09:30:25","date_gmt":"2025-03-05T08:30:25","guid":{"rendered":"https:\/\/klingendesschloss.at\/?page_id=6512"},"modified":"2025-04-01T14:05:08","modified_gmt":"2025-04-01T12:05:08","slug":"meisterklassen","status":"publish","type":"page","link":"https:\/\/klingendesschloss.at\/en\/meisterklassen\/","title":{"rendered":"meisterklassen"},"content":{"rendered":"<div class=\"wpb-content-wrapper\"><div  class=\"vc_row vc-row-wrapper full_width_content dfd-background-dark\" data-parallax_sense=\"30\"><div class=\"wpb_row row\" >\n\t<div class=\"twelve columns vc-column-extra-class-69f29240c5a4e\" data-parallax_sense=\"30\">\n\t\t<div class=\"wpb_wrapper\">\n\t\t\t\r\n\t<div class=\"wpb_single_image wpb_content_element vc_align_left\" >\r\n\t\t<div class=\"wpb_wrapper\">\r\n\t\t\t\r\n\t\t\t<div class=\"vc_single_image-wrapper   vc_box_border_grey\" ><img loading=\"lazy\" decoding=\"async\" width=\"1920\" height=\"500\" src=\"https:\/\/klingendesschloss.at\/wp-content\/uploads\/2025\/03\/headersmall_meisterklassen-1.jpg\" class=\"vc_single_image-img attachment-full\" alt=\"\" title=\"headersmall_meisterklassen\" srcset=\"https:\/\/klingendesschloss.at\/wp-content\/uploads\/2025\/03\/headersmall_meisterklassen-1.jpg 1920w, https:\/\/klingendesschloss.at\/wp-content\/uploads\/2025\/03\/headersmall_meisterklassen-1-300x78.jpg 300w, https:\/\/klingendesschloss.at\/wp-content\/uploads\/2025\/03\/headersmall_meisterklassen-1-1024x267.jpg 1024w, https:\/\/klingendesschloss.at\/wp-content\/uploads\/2025\/03\/headersmall_meisterklassen-1-768x200.jpg 768w, https:\/\/klingendesschloss.at\/wp-content\/uploads\/2025\/03\/headersmall_meisterklassen-1-1536x400.jpg 1536w, https:\/\/klingendesschloss.at\/wp-content\/uploads\/2025\/03\/headersmall_meisterklassen-1-18x5.jpg 18w\" sizes=\"auto, (max-width: 1920px) 100vw, 1920px\" \/><\/div>\r\n\t\t\t\r\n\t\t<\/div>\r\n\t<\/div>\r\n\n\t\t<\/div> <script type=\"text\/javascript\">(function($) {$(\"head\").append(\"<style>@media (max-width: 799px){.columns.vc-column-extra-class-69f29240c5a4e{margin-left: 0px !important;margin-right: 0px !important;border-left-width: 0px !important;border-right-width: 0px !important;padding-left: 0px !important;padding-right: 0px !important;}}<\/style>\");})(jQuery);<\/script>\n\t<\/div> <\/div><div class=\"dfd-row-bg-wrap dfd-row-bg-anim-colors\" id=\"DfdAnimatedBG69f29240c6953\"><\/div><script type=\"text\/javascript\">\r\n\t\t\t\t\t(function($) {\r\n\t\t\t\t\t\t$(\"head\").append(\"<style>#DfdAnimatedBG69f29240c6953{background: #000000;-webkit-animation: DfdAnimatedBG69f29240c6953 3s linear infinite;-moz-animation: DfdAnimatedBG69f29240c6953 3s linear infinite;-ms-animation: DfdAnimatedBG69f29240c6953 3s linear infinite;-o-animation: DfdAnimatedBG69f29240c6953 3s linear infinite;animation: DfdAnimatedBG69f29240c6953 3s linear infinite;}@-webkit-keyframes DfdAnimatedBG69f29240c6953 {0% { background: #000000}}@-moz-keyframes DfdAnimatedBG69f29240c6953 {0% { background: #000000}}@-ms-keyframes DfdAnimatedBG69f29240c6953 {0% { background: #000000}}@-o-keyframes DfdAnimatedBG69f29240c6953 {0% { background: #000000}}@keyframes DfdAnimatedBG69f29240c6953 {0% { background: #000000}}<\/style>\");\r\n\t\t\t\t\t})(jQuery);\r\n\t\t\t\t<\/script><div class=\"dfd-row-bg-overlay\" style=\"opacity: 0.8;\"><\/div><script type=\"text\/javascript\">(function($) {$(\"head\").append(\"<style>#DfdAnimatedBG69f29240c6953{background: #000000;-webkit-animation: DfdAnimatedBG69f29240c6953 3s linear infinite;-moz-animation: DfdAnimatedBG69f29240c6953 3s linear infinite;-ms-animation: DfdAnimatedBG69f29240c6953 3s linear infinite;-o-animation: DfdAnimatedBG69f29240c6953 3s linear infinite;animation: DfdAnimatedBG69f29240c6953 3s linear infinite;}@-webkit-keyframes DfdAnimatedBG69f29240c6953 {0% { background: #000000}}@-moz-keyframes DfdAnimatedBG69f29240c6953 {0% { background: #000000}}@-ms-keyframes DfdAnimatedBG69f29240c6953 {0% { background: #000000}}@-o-keyframes DfdAnimatedBG69f29240c6953 {0% { background: #000000}}@keyframes DfdAnimatedBG69f29240c6953 {0% { background: #000000}}<\/style>\");})(jQuery);<\/script><\/div><div  class=\"vc_row vc-row-wrapper equal-height-columns aligh-content-verticaly vc_custom_1741166179189\" data-parallax_sense=\"30\"><div class=\"wpb_row row\" >\n\t<div class=\"three columns vc-column-extra-class-69f29240c722f\" data-parallax_sense=\"30\">\n\t\t<div class=\"wpb_wrapper\">\n\t\t\t\r\n\t<div class=\"wpb_single_image wpb_content_element vc_align_left\" >\r\n\t\t<div class=\"wpb_wrapper\">\r\n\t\t\t\r\n\t\t\t<div class=\"vc_single_image-wrapper   vc_box_border_grey\" ><img loading=\"lazy\" decoding=\"async\" width=\"427\" height=\"640\" src=\"https:\/\/klingendesschloss.at\/wp-content\/uploads\/2025\/03\/simonreitmaier-1.jpg\" class=\"vc_single_image-img attachment-full\" alt=\"\" title=\"simonreitmaier\" srcset=\"https:\/\/klingendesschloss.at\/wp-content\/uploads\/2025\/03\/simonreitmaier-1.jpg 427w, https:\/\/klingendesschloss.at\/wp-content\/uploads\/2025\/03\/simonreitmaier-1-200x300.jpg 200w, https:\/\/klingendesschloss.at\/wp-content\/uploads\/2025\/03\/simonreitmaier-1-8x12.jpg 8w\" sizes=\"auto, (max-width: 427px) 100vw, 427px\" \/><\/div>\r\n\t\t\t\r\n\t\t<\/div>\r\n\t<\/div>\r\n\n\t\t<\/div> \n\t<\/div> \n\t<div class=\"nine columns vc-column-extra-class-69f29240c7d0f\" data-parallax_sense=\"30\">\n\t\t<div class=\"wpb_wrapper\">\n\t\t\t\n\t<div class=\"wpb_text_column wpb_content_element\" >\n\t\t<div class=\"wpb_wrapper\">\n\t\t\t<h1 style=\"text-align: left;\">Meisterkurs Klarinette<br \/>\nbei Simon Reitmaier<\/h1>\n<h2><\/h2>\n<p style=\"text-align: left;\">vom 22. Juni \u2013 29. Juni 2025<br \/>\nim Schloss Unterd\u00fcrnbach | Nieder\u00f6sterreich<\/p>\n<h2><\/h2>\n<h2>\u201efind your inner artist\u201c<\/h2>\n<p>Auf der Suche nach der inneren Stimme<\/p>\n\n\t\t<\/div> \n\t<\/div> \n\t\t<\/div> \n\t<\/div> <\/div><div class=\"dfd-row-bg-overlay\" style=\"opacity: 0.8;\"><\/div><\/div><div  class=\"vc_row vc-row-wrapper vc_custom_1741164004603\" data-parallax_sense=\"30\"><div class=\"wpb_row row\" >\n\t<div class=\"three columns vc-column-extra-class-69f29240c8903\" data-parallax_sense=\"30\">\n\t\t<div class=\"wpb_wrapper\">\n\t\t\t\n\t<div class=\"wpb_text_column wpb_content_element\" >\n\t\t<div class=\"wpb_wrapper\">\n\t\t\t<h2>Inhalt:<\/h2>\n\n\t\t<\/div> \n\t<\/div> \n\t\t<\/div> \n\t<\/div> \n\t<div class=\"nine columns vc-column-extra-class-69f29240c8d61\" data-parallax_sense=\"30\">\n\t\t<div class=\"wpb_wrapper\">\n\t\t\t\n\t<div class=\"wpb_text_column wpb_content_element\" >\n\t\t<div class=\"wpb_wrapper\">\n\t\t\t<ul>\n<li>Was und warum \u00fcbe ich?<\/li>\n<li>Was h\u00f6re ich?<\/li>\n<li>Was m\u00f6chte ich ausdr\u00fccken?<\/li>\n<li>Einbeziehung von K\u00f6rper, Geist zum ganzheitlichen Musikerlebnis.<\/li>\n<li>Arbeit an der Klangvorstellung, Luftf\u00fchrung und richtiger Materialwahl<\/li>\n<\/ul>\n\n\t\t<\/div> \n\t<\/div> \n\t\t<\/div> \n\t<\/div> <\/div><div class=\"dfd-row-bg-overlay\" style=\"opacity: 0.8;\"><\/div><\/div><div  class=\"vc_row vc-row-wrapper vc_custom_1740564789716\" data-parallax_sense=\"30\"><div class=\"wpb_row row\" >\n\t<div class=\"three columns vc-column-extra-class-69f29240c9705\" data-parallax_sense=\"30\">\n\t\t<div class=\"wpb_wrapper\">\n\t\t\t\n\t<div class=\"wpb_text_column wpb_content_element\" >\n\t\t<div class=\"wpb_wrapper\">\n\t\t\t<h2>Anmeldung<\/h2>\n\n\t\t<\/div> \n\t<\/div> \n\t\t<\/div> \n\t<\/div> \n\t<div class=\"nine columns vc-column-extra-class-69f29240c9b3b\" data-parallax_sense=\"30\">\n\t\t<div class=\"wpb_wrapper\">\n\t\t\t\n\t<div class=\"wpb_text_column wpb_content_element\" >\n\t\t<div class=\"wpb_wrapper\">\n\t\t\t<p>vom 15. 3. &#8211; 1. 6. 2025<\/p>\n\n\t\t<\/div> \n\t<\/div> \n\t\t<\/div> \n\t<\/div> <\/div><div class=\"dfd-row-bg-overlay\" style=\"opacity: 0.8;\"><\/div><\/div><div  class=\"vc_row vc-row-wrapper vc_custom_1740564789716\" data-parallax_sense=\"30\"><div class=\"wpb_row row\" >\n\t<div class=\"three columns vc-column-extra-class-69f29240ca493\" data-parallax_sense=\"30\">\n\t\t<div class=\"wpb_wrapper\">\n\t\t\t\n\t<div class=\"wpb_text_column wpb_content_element\" >\n\t\t<div class=\"wpb_wrapper\">\n\t\t\t<h2>Kontakt<\/h2>\n\n\t\t<\/div> \n\t<\/div> \n\t\t<\/div> \n\t<\/div> \n\t<div class=\"nine columns vc-column-extra-class-69f29240ca8cf\" data-parallax_sense=\"30\">\n\t\t<div class=\"wpb_wrapper\">\n\t\t\t\n\t<div class=\"wpb_text_column wpb_content_element\" >\n\t\t<div class=\"wpb_wrapper\">\n\t\t\t<p><a href=\"mailto:meisterklassen@klingendesschloss.at\" target=\"_blank\" rel=\"noopener\">meisterklassen@klingendesschloss.at<\/a><\/p>\n\n\t\t<\/div> \n\t<\/div> \n\t\t<\/div> \n\t<\/div> <\/div><div class=\"dfd-row-bg-overlay\" style=\"opacity: 0.8;\"><\/div><\/div><div  class=\"vc_row vc-row-wrapper vc_custom_1740564789716\" data-parallax_sense=\"30\"><div class=\"wpb_row row\" >\n\t<div class=\"three columns vc-column-extra-class-69f29240cb1f3\" data-parallax_sense=\"30\">\n\t\t<div class=\"wpb_wrapper\">\n\t\t\t\n\t<div class=\"wpb_text_column wpb_content_element\" >\n\t\t<div class=\"wpb_wrapper\">\n\t\t\t<h2>Unterk\u00fcnfte<\/h2>\n\n\t\t<\/div> \n\t<\/div> \n\t\t<\/div> \n\t<\/div> \n\t<div class=\"nine columns vc-column-extra-class-69f29240cb656\" data-parallax_sense=\"30\">\n\t\t<div class=\"wpb_wrapper\">\n\t\t\t\n\t<div class=\"wpb_text_column wpb_content_element\" >\n\t\t<div class=\"wpb_wrapper\">\n\t\t\t<p>Private Zimmer im Umkreis des Schlosses, Empfehlungen \u00fcber die Festivalleitung.<\/p>\n\n\t\t<\/div> \n\t<\/div> \n\t\t<\/div> \n\t<\/div> <\/div><div class=\"dfd-row-bg-overlay\" style=\"opacity: 0.8;\"><\/div><\/div><div  class=\"vc_row vc-row-wrapper vc_custom_1743508664574\" data-parallax_sense=\"30\"><div class=\"wpb_row row\" >\n\t<div class=\"three columns vc-column-extra-class-69f29240cbf9c\" data-parallax_sense=\"30\">\n\t\t<div class=\"wpb_wrapper\">\n\t\t\t\n\t<div class=\"wpb_text_column wpb_content_element\" >\n\t\t<div class=\"wpb_wrapper\">\n\t\t\t<h2>Anfahrt<\/h2>\n\n\t\t<\/div> \n\t<\/div> \n\t\t<\/div> \n\t<\/div> \n\t<div class=\"nine columns vc-column-extra-class-69f29240cc3e0\" data-parallax_sense=\"30\">\n\t\t<div class=\"wpb_wrapper\">\n\t\t\t\n\t<div class=\"wpb_text_column wpb_content_element\" >\n\t\t<div class=\"wpb_wrapper\">\n\t\t\t<p>Bahnhof Limberg-Maissau, ca. 3 km Fussweg entfernt.<br \/>\nBus, Bahn. Von Wien ca. 1 Stunde Fahrtzeit<\/p>\n\n\t\t<\/div> \n\t<\/div> \n\t\t<\/div> \n\t<\/div> <\/div><div class=\"dfd-row-bg-overlay\" style=\"opacity: 0.8;\"><\/div><\/div><div  class=\"vc_row vc-row-wrapper vc_custom_1741166310804\" data-parallax_sense=\"30\"><div class=\"wpb_row row\" >\n\t<div class=\"three columns vc-column-extra-class-69f29240ccd01\" data-parallax_sense=\"30\">\n\t\t<div class=\"wpb_wrapper\">\n\t\t\t\n\t<div class=\"wpb_text_column wpb_content_element\" >\n\t\t<div class=\"wpb_wrapper\">\n\t\t\t<h2>Kursgeb\u00fchr<\/h2>\n\n\t\t<\/div> \n\t<\/div> \n\t\t<\/div> \n\t<\/div> \n\t<div class=\"nine columns vc-column-extra-class-69f29240cd140\" data-parallax_sense=\"30\">\n\t\t<div class=\"wpb_wrapper\">\n\t\t\t\n\t<div class=\"wpb_text_column wpb_content_element\" >\n\t\t<div class=\"wpb_wrapper\">\n\t\t\t<p>Die Kursgeb\u00fchr 350.- beinhaltet:<\/p>\n<ul>\n<li>Einzelstunden mind. 5 Einheiten \u00e1 50 Minuten<\/li>\n<li>\u00dcbezimmer<\/li>\n<li>Teilnahme am Abschlusskonzert am 29. Juni 2025<\/li>\n<\/ul>\n<p>F\u00fcr N\u00e4chtigungen wird eine Liste an N\u00e4chtigungsm\u00f6glichkeiten in der Umgebung zur Verf\u00fcgung gestellt.<\/p>\n\n\t\t<\/div> \n\t<\/div> \n\t\t<\/div> \n\t<\/div> <\/div><div class=\"dfd-row-bg-overlay\" style=\"opacity: 0.8;\"><\/div><\/div>\n<\/div>","protected":false},"excerpt":{"rendered":"Meisterkurs Klarinette bei Simon Reitmaier vom 22. Juni \u2013 29. Juni 2025 im Schloss Unterd\u00fcrnbach | Nieder\u00f6sterreich \u201efind your inner artist\u201c Auf der Suche nach der inneren Stimme Inhalt: Was","protected":false},"author":3,"featured_media":0,"parent":0,"menu_order":0,"comment_status":"closed","ping_status":"closed","template":"page-custom.php","meta":{"footnotes":""},"class_list":["post-6512","page","type-page","status-publish","hentry"],"_links":{"self":[{"href":"https:\/\/klingendesschloss.at\/en\/wp-json\/wp\/v2\/pages\/6512","targetHints":{"allow":["GET"]}}],"collection":[{"href":"https:\/\/klingendesschloss.at\/en\/wp-json\/wp\/v2\/pages"}],"about":[{"href":"https:\/\/klingendesschloss.at\/en\/wp-json\/wp\/v2\/types\/page"}],"author":[{"embeddable":true,"href":"https:\/\/klingendesschloss.at\/en\/wp-json\/wp\/v2\/users\/3"}],"replies":[{"embeddable":true,"href":"https:\/\/klingendesschloss.at\/en\/wp-json\/wp\/v2\/comments?post=6512"}],"version-history":[{"count":44,"href":"https:\/\/klingendesschloss.at\/en\/wp-json\/wp\/v2\/pages\/6512\/revisions"}],"predecessor-version":[{"id":6792,"href":"https:\/\/klingendesschloss.at\/en\/wp-json\/wp\/v2\/pages\/6512\/revisions\/6792"}],"wp:attachment":[{"href":"https:\/\/klingendesschloss.at\/en\/wp-json\/wp\/v2\/media?parent=6512"}],"curies":[{"name":"wp","href":"https:\/\/api.w.org\/{rel}","templated":true}]}}